{"id":53,"date":"2025-07-28T13:46:39","date_gmt":"2025-07-28T13:46:39","guid":{"rendered":"https:\/\/www.studijo83.com\/about\/"},"modified":"2025-07-28T13:46:39","modified_gmt":"2025-07-28T13:46:39","slug":"about","status":"publish","type":"page","link":"https:\/\/www.studijo83.com\/cs\/about\/","title":{"rendered":"About"},"content":{"rendered":"<div data-elementor-type=\"wp-page\" data-elementor-id=\"53\" class=\"elementor elementor-53\" data-elementor-post-type=\"page\">\n\t\t\t\t<div class=\"elementor-element elementor-element-a225874 e-flex e-con-boxed e-con e-parent\" data-id=\"a225874\" data-element_type=\"container\" data-settings=\"{&quot;background_background&quot;:&quot;classic&quot;}\">\n\t\t\t\t\t<div class=\"e-con-inner\">\n\t\t<div class=\"elementor-element elementor-element-cff70b3 e-con-full e-flex e-con e-child\" data-id=\"cff70b3\" data-element_type=\"container\">\n\t\t\t\t<div class=\"elementor-element elementor-element-bf2c25a elementor-widget elementor-widget-heading\" data-id=\"bf2c25a\" data-element_type=\"widget\" data-widget_type=\"heading.default\">\n\t\t\t\t<div class=\"elementor-widget-container\">\n\t\t\t\t\t<h1 class=\"elementor-heading-title elementor-size-default\">About<\/h1>\t\t\t\t<\/div>\n\t\t\t\t<\/div>\n\t\t\t\t<div class=\"elementor-element elementor-element-fd6dd91 elementor-widget elementor-widget-heading\" data-id=\"fd6dd91\" data-element_type=\"widget\" data-widget_type=\"heading.default\">\n\t\t\t\t<div class=\"elementor-widget-container\">\n\t\t\t\t\t<h3 class=\"elementor-heading-title elementor-size-default\">Since Our Earliest Days lorem ipsum dolor sit amet, elit. Ut elit tellus, luctus, erat sed fermentum feugiat.<\/h3>\t\t\t\t<\/div>\n\t\t\t\t<\/div>\n\t\t\t\t<div class=\"elementor-element elementor-element-40309e0 elementor-view-framed elementor-shape-circle elementor-widget elementor-widget-icon\" data-id=\"40309e0\" data-element_type=\"widget\" data-widget_type=\"icon.default\">\n\t\t\t\t<div class=\"elementor-widget-container\">\n\t\t\t\t\t\t\t<div class=\"elementor-icon-wrapper\">\n\t\t\t<a class=\"elementor-icon\" href=\"#\">\n\t\t\t<i aria-hidden=\"true\" class=\"fas fa-play\"><\/i>\t\t\t<\/a>\n\t\t<\/div>\n\t\t\t\t\t\t<\/div>\n\t\t\t\t<\/div>\n\t\t\t\t<\/div>\n\t\t\t\t\t<\/div>\n\t\t\t\t<\/div>\n\t\t<div class=\"elementor-element elementor-element-92ceebe e-flex e-con-boxed e-con e-parent\" data-id=\"92ceebe\" data-element_type=\"container\" data-settings=\"{&quot;background_background&quot;:&quot;classic&quot;}\">\n\t\t\t\t\t<div class=\"e-con-inner\">\n\t\t<div class=\"elementor-element elementor-element-02e68ba e-con-full e-flex e-con e-child\" data-id=\"02e68ba\" data-element_type=\"container\">\n\t\t<div class=\"elementor-element elementor-element-5a4b679 e-con-full e-flex e-con e-child\" data-id=\"5a4b679\" data-element_type=\"container\">\n\t\t<div class=\"elementor-element elementor-element-d768f51 e-con-full e-flex e-con e-child\" data-id=\"d768f51\" data-element_type=\"container\">\n\t\t\t\t<div class=\"elementor-element elementor-element-777bfbf elementor-widget elementor-widget-heading\" data-id=\"777bfbf\" data-element_type=\"widget\" data-widget_type=\"heading.default\">\n\t\t\t\t<div class=\"elementor-widget-container\">\n\t\t\t\t\t<h6 class=\"elementor-heading-title elementor-size-default\">A Few Words About Us<\/h6>\t\t\t\t<\/div>\n\t\t\t\t<\/div>\n\t\t\t\t<div class=\"elementor-element elementor-element-d2b184e elementor-widget elementor-widget-heading\" data-id=\"d2b184e\" data-element_type=\"widget\" data-widget_type=\"heading.default\">\n\t\t\t\t<div class=\"elementor-widget-container\">\n\t\t\t\t\t<h2 class=\"elementor-heading-title elementor-size-default\">We have become one of the best advertising etiam sed pharetra.<\/h2>\t\t\t\t<\/div>\n\t\t\t\t<\/div>\n\t\t\t\t<\/div>\n\t\t\t\t<\/div>\n\t\t<div class=\"elementor-element elementor-element-e2b5d88 e-con-full e-flex e-con e-child\" data-id=\"e2b5d88\" data-element_type=\"container\">\n\t\t<div class=\"elementor-element elementor-element-1c8e445 e-con-full e-flex e-con e-child\" data-id=\"1c8e445\" data-element_type=\"container\">\n\t\t\t\t<div class=\"elementor-element elementor-element-594d2d4 elementor-widget elementor-widget-heading\" data-id=\"594d2d4\" data-element_type=\"widget\" data-widget_type=\"heading.default\">\n\t\t\t\t<div class=\"elementor-widget-container\">\n\t\t\t\t\t<h4 class=\"elementor-heading-title elementor-size-default\">We think different...<\/h4>\t\t\t\t<\/div>\n\t\t\t\t<\/div>\n\t\t\t\t<div class=\"elementor-element elementor-element-253458c elementor-widget elementor-widget-text-editor\" data-id=\"253458c\" data-element_type=\"widget\" data-widget_type=\"text-editor.default\">\n\t\t\t\t<div class=\"elementor-widget-container\">\n\t\t\t\t\t\t\t\t\t<p>Proin gravida nibh vel velit auctor aliquet. Aenean sollicitudin, lorem quis bibendum auctor, nisi elit consequat ipsum, nec sagittis sem nibh id elit. Duis sed odio sit amet nibh vulputate cursus a sit amet.<\/p>\t\t\t\t\t\t\t\t<\/div>\n\t\t\t\t<\/div>\n\t\t\t\t<div class=\"elementor-element elementor-element-a166b3b elementor-widget elementor-widget-text-editor\" data-id=\"a166b3b\" data-element_type=\"widget\" data-widget_type=\"text-editor.default\">\n\t\t\t\t<div class=\"elementor-widget-container\">\n\t\t\t\t\t\t\t\t\t<p>Aenean sollicitudin, lorem quis bibendum auctor, nisi elit consequat ipsum, nec sagittis sem nibh id elit. Duis sed odio sit amet nibh vulputate cursus a sit amet.<\/p>\t\t\t\t\t\t\t\t<\/div>\n\t\t\t\t<\/div>\n\t\t\t\t<\/div>\n\t\t\t\t<\/div>\n\t\t\t\t<\/div>\n\t\t\t\t\t<\/div>\n\t\t\t\t<\/div>\n\t\t<div class=\"elementor-element elementor-element-d735c25 e-flex e-con-boxed e-con e-parent\" data-id=\"d735c25\" data-element_type=\"container\" data-settings=\"{&quot;background_background&quot;:&quot;classic&quot;}\">\n\t\t\t\t\t<div class=\"e-con-inner\">\n\t\t<div class=\"elementor-element elementor-element-0acf524 e-con-full e-flex e-con e-child\" data-id=\"0acf524\" data-element_type=\"container\">\n\t\t\t\t<\/div>\n\t\t\t\t\t<\/div>\n\t\t\t\t<\/div>\n\t\t<div class=\"elementor-element elementor-element-0b16569 e-flex e-con-boxed e-con e-parent\" data-id=\"0b16569\" data-element_type=\"container\" data-settings=\"{&quot;background_background&quot;:&quot;classic&quot;}\">\n\t\t\t\t\t<div class=\"e-con-inner\">\n\t\t<div class=\"elementor-element elementor-element-d00bdab e-con-full e-flex e-con e-child\" data-id=\"d00bdab\" data-element_type=\"container\">\n\t\t\t\t<div class=\"elementor-element elementor-element-b37b90d elementor-widget elementor-widget-heading\" data-id=\"b37b90d\" data-element_type=\"widget\" data-widget_type=\"heading.default\">\n\t\t\t\t<div class=\"elementor-widget-container\">\n\t\t\t\t\t<h6 class=\"elementor-heading-title elementor-size-default\">A True Partnership<\/h6>\t\t\t\t<\/div>\n\t\t\t\t<\/div>\n\t\t\t\t<div class=\"elementor-element elementor-element-a453db8 elementor-widget elementor-widget-heading\" data-id=\"a453db8\" data-element_type=\"widget\" data-widget_type=\"heading.default\">\n\t\t\t\t<div class=\"elementor-widget-container\">\n\t\t\t\t\t<h3 class=\"elementor-heading-title elementor-size-default\">Our client list speaks for itself sed non mauris vitae erat consequat auctor eu in elit class aptent.<\/h3>\t\t\t\t<\/div>\n\t\t\t\t<\/div>\n\t\t\t\t<\/div>\n\t\t\t\t\t<\/div>\n\t\t\t\t<\/div>\n\t\t<div class=\"elementor-element elementor-element-aa2170b e-flex e-con-boxed e-con e-parent\" data-id=\"aa2170b\" data-element_type=\"container\" data-settings=\"{&quot;background_background&quot;:&quot;classic&quot;}\">\n\t\t\t\t\t<div class=\"e-con-inner\">\n\t\t<div class=\"elementor-element elementor-element-a5abc7c e-con-full e-flex e-con e-child\" data-id=\"a5abc7c\" data-element_type=\"container\">\n\t\t\t\t<div class=\"elementor-element elementor-element-ba467d6 gallery-spacing-custom elementor-widget elementor-widget-image-gallery\" data-id=\"ba467d6\" data-element_type=\"widget\" data-widget_type=\"image-gallery.default\">\n\t\t\t\t<div class=\"elementor-widget-container\">\n\t\t\t\t\t\t\t<div class=\"elementor-image-gallery\">\n\t\t\t<div id='gallery-1' class='gallery galleryid-53 gallery-columns-4 gallery-size-full'><figure class='gallery-item'>\n\t\t\t<div class='gallery-icon landscape'>\n\t\t\t\t<img fetchpriority=\"high\" decoding=\"async\" width=\"285\" height=\"285\" src=\"https:\/\/www.studijo83.com\/wp-content\/uploads\/2021\/06\/logo-001-free-img.png\" class=\"attachment-full size-full\" alt=\"logo 001 free img\" srcset=\"https:\/\/www.studijo83.com\/wp-content\/uploads\/2021\/06\/logo-001-free-img.png 285w, https:\/\/www.studijo83.com\/wp-content\/uploads\/2021\/06\/logo-001-free-img-150x150.png 150w, https:\/\/www.studijo83.com\/wp-content\/uploads\/2021\/06\/logo-001-free-img-12x12.png 12w\" sizes=\"(max-width: 285px) 100vw, 285px\" \/>\n\t\t\t<\/div><\/figure><figure class='gallery-item'>\n\t\t\t<div class='gallery-icon landscape'>\n\t\t\t\t<img decoding=\"async\" width=\"285\" height=\"285\" src=\"https:\/\/www.studijo83.com\/wp-content\/uploads\/2021\/06\/logo-002-free-img.png\" class=\"attachment-full size-full\" alt=\"logo 002 free img\" srcset=\"https:\/\/www.studijo83.com\/wp-content\/uploads\/2021\/06\/logo-002-free-img.png 285w, https:\/\/www.studijo83.com\/wp-content\/uploads\/2021\/06\/logo-002-free-img-150x150.png 150w, https:\/\/www.studijo83.com\/wp-content\/uploads\/2021\/06\/logo-002-free-img-12x12.png 12w\" sizes=\"(max-width: 285px) 100vw, 285px\" \/>\n\t\t\t<\/div><\/figure><figure class='gallery-item'>\n\t\t\t<div class='gallery-icon landscape'>\n\t\t\t\t<img decoding=\"async\" width=\"285\" height=\"285\" src=\"https:\/\/www.studijo83.com\/wp-content\/uploads\/2021\/06\/logo-003-free-img.png\" class=\"attachment-full size-full\" alt=\"logo 003 free img\" srcset=\"https:\/\/www.studijo83.com\/wp-content\/uploads\/2021\/06\/logo-003-free-img.png 285w, https:\/\/www.studijo83.com\/wp-content\/uploads\/2021\/06\/logo-003-free-img-150x150.png 150w, https:\/\/www.studijo83.com\/wp-content\/uploads\/2021\/06\/logo-003-free-img-12x12.png 12w\" sizes=\"(max-width: 285px) 100vw, 285px\" \/>\n\t\t\t<\/div><\/figure><figure class='gallery-item'>\n\t\t\t<div class='gallery-icon landscape'>\n\t\t\t\t<img loading=\"lazy\" decoding=\"async\" width=\"285\" height=\"285\" src=\"https:\/\/www.studijo83.com\/wp-content\/uploads\/2021\/06\/logo-004-free-img.png\" class=\"attachment-full size-full\" alt=\"logo 004 free img\" srcset=\"https:\/\/www.studijo83.com\/wp-content\/uploads\/2021\/06\/logo-004-free-img.png 285w, https:\/\/www.studijo83.com\/wp-content\/uploads\/2021\/06\/logo-004-free-img-150x150.png 150w, https:\/\/www.studijo83.com\/wp-content\/uploads\/2021\/06\/logo-004-free-img-12x12.png 12w\" sizes=\"(max-width: 285px) 100vw, 285px\" \/>\n\t\t\t<\/div><\/figure><figure class='gallery-item'>\n\t\t\t<div class='gallery-icon landscape'>\n\t\t\t\t<img loading=\"lazy\" decoding=\"async\" width=\"285\" height=\"285\" src=\"https:\/\/www.studijo83.com\/wp-content\/uploads\/2021\/06\/logo-005-free-img.png\" class=\"attachment-full size-full\" alt=\"logo 005 free img\" srcset=\"https:\/\/www.studijo83.com\/wp-content\/uploads\/2021\/06\/logo-005-free-img.png 285w, https:\/\/www.studijo83.com\/wp-content\/uploads\/2021\/06\/logo-005-free-img-150x150.png 150w, https:\/\/www.studijo83.com\/wp-content\/uploads\/2021\/06\/logo-005-free-img-12x12.png 12w\" sizes=\"(max-width: 285px) 100vw, 285px\" \/>\n\t\t\t<\/div><\/figure><figure class='gallery-item'>\n\t\t\t<div class='gallery-icon landscape'>\n\t\t\t\t<img loading=\"lazy\" decoding=\"async\" width=\"285\" height=\"285\" src=\"https:\/\/www.studijo83.com\/wp-content\/uploads\/2021\/06\/logo-006-free-img.png\" class=\"attachment-full size-full\" alt=\"logo 006 free img\" srcset=\"https:\/\/www.studijo83.com\/wp-content\/uploads\/2021\/06\/logo-006-free-img.png 285w, https:\/\/www.studijo83.com\/wp-content\/uploads\/2021\/06\/logo-006-free-img-150x150.png 150w, https:\/\/www.studijo83.com\/wp-content\/uploads\/2021\/06\/logo-006-free-img-12x12.png 12w\" sizes=\"(max-width: 285px) 100vw, 285px\" \/>\n\t\t\t<\/div><\/figure><figure class='gallery-item'>\n\t\t\t<div class='gallery-icon landscape'>\n\t\t\t\t<img loading=\"lazy\" decoding=\"async\" width=\"285\" height=\"285\" src=\"https:\/\/www.studijo83.com\/wp-content\/uploads\/2021\/06\/logo-007-free-img.png\" class=\"attachment-full size-full\" alt=\"logo 007 free img\" srcset=\"https:\/\/www.studijo83.com\/wp-content\/uploads\/2021\/06\/logo-007-free-img.png 285w, https:\/\/www.studijo83.com\/wp-content\/uploads\/2021\/06\/logo-007-free-img-150x150.png 150w, https:\/\/www.studijo83.com\/wp-content\/uploads\/2021\/06\/logo-007-free-img-12x12.png 12w\" sizes=\"(max-width: 285px) 100vw, 285px\" \/>\n\t\t\t<\/div><\/figure><figure class='gallery-item'>\n\t\t\t<div class='gallery-icon landscape'>\n\t\t\t\t<img loading=\"lazy\" decoding=\"async\" width=\"285\" height=\"285\" src=\"https:\/\/www.studijo83.com\/wp-content\/uploads\/2021\/06\/logo-008-free-img.png\" class=\"attachment-full size-full\" alt=\"logo 008 free img\" srcset=\"https:\/\/www.studijo83.com\/wp-content\/uploads\/2021\/06\/logo-008-free-img.png 285w, https:\/\/www.studijo83.com\/wp-content\/uploads\/2021\/06\/logo-008-free-img-150x150.png 150w, https:\/\/www.studijo83.com\/wp-content\/uploads\/2021\/06\/logo-008-free-img-12x12.png 12w\" sizes=\"(max-width: 285px) 100vw, 285px\" \/>\n\t\t\t<\/div><\/figure>\n\t\t<\/div>\n\t\t<\/div>\n\t\t\t\t\t\t<\/div>\n\t\t\t\t<\/div>\n\t\t\t\t<\/div>\n\t\t\t\t\t<\/div>\n\t\t\t\t<\/div>\n\t\t\t\t<\/div>","protected":false},"excerpt":{"rendered":"<p>About Since Our Earliest Days lorem ipsum dolor sit amet, elit. Ut elit tellus, luctus, erat sed fermentum feugiat. A Few Words About Us We have become one of the best advertising etiam sed pharetra. We think different&#8230; Proin gravida nibh vel velit auctor aliquet. Aenean sollicitudin, lorem quis bibendum auctor, nisi elit consequat ipsum, [&hellip;]<\/p>","protected":false},"author":1,"featured_media":0,"parent":0,"menu_order":0,"comment_status":"closed","ping_status":"closed","template":"","meta":{"site-sidebar-layout":"no-sidebar","site-content-layout":"page-builder","ast-site-content-layout":"default","site-content-style":"default","site-sidebar-style":"default","ast-global-header-display":"","ast-banner-title-visibility":"","ast-main-header-display":"","ast-hfb-above-header-display":"","ast-hfb-below-header-display":"","ast-hfb-mobile-header-display":"","site-post-title":"disabled","ast-breadcrumbs-content":"disabled","ast-featured-img":"disabled","footer-sml-layout":"","theme-transparent-header-meta":"enabled","adv-header-id-meta":"","stick-header-meta":"","header-above-stick-meta":"","header-main-stick-meta":"","header-below-stick-meta":"","astra-migrate-meta-layouts":"default","ast-page-background-enabled":"default","ast-page-background-meta":{"desktop":{"background-color":"","background-image":"","background-repeat":"repeat","background-position":"center center","background-size":"auto","background-attachment":"scroll","background-type":"","background-media":"","overlay-type":"","overlay-color":"","overlay-opacity":"","overlay-gradient":""},"tablet":{"background-color":"","background-image":"","background-repeat":"repeat","background-position":"center center","background-size":"auto","background-attachment":"scroll","background-type":"","background-media":"","overlay-type":"","overlay-color":"","overlay-opacity":"","overlay-gradient":""},"mobile":{"background-color":"","background-image":"","background-repeat":"repeat","background-position":"center center","background-size":"auto","background-attachment":"scroll","background-type":"","background-media":"","overlay-type":"","overlay-color":"","overlay-opacity":"","overlay-gradient":""}},"ast-content-background-meta":{"desktop":{"background-color":"var(--ast-global-color-5)","background-image":"","background-repeat":"repeat","background-position":"center center","background-size":"auto","background-attachment":"scroll","background-type":"","background-media":"","overlay-type":"","overlay-color":"","overlay-opacity":"","overlay-gradient":""},"tablet":{"background-color":"var(--ast-global-color-5)","background-image":"","background-repeat":"repeat","background-position":"center center","background-size":"auto","background-attachment":"scroll","background-type":"","background-media":"","overlay-type":"","overlay-color":"","overlay-opacity":"","overlay-gradient":""},"mobile":{"background-color":"var(--ast-global-color-5)","background-image":"","background-repeat":"repeat","background-position":"center center","background-size":"auto","background-attachment":"scroll","background-type":"","background-media":"","overlay-type":"","overlay-color":"","overlay-opacity":"","overlay-gradient":""}},"footnotes":""},"class_list":["post-53","page","type-page","status-publish","hentry"],"yoast_head":"<!-- This site is optimized with the Yoast SEO plugin v25.5 - https:\/\/yoast.com\/wordpress\/plugins\/seo\/ -->\n<title>About - Studijo83<\/title>\n<meta name=\"robots\" content=\"index, follow, max-snippet:-1, max-image-preview:large, max-video-preview:-1\" \/>\n<link rel=\"canonical\" href=\"https:\/\/www.studijo83.com\/cs\/about\/\" \/>\n<meta property=\"og:locale\" content=\"cs_CZ\" \/>\n<meta property=\"og:type\" content=\"article\" \/>\n<meta property=\"og:title\" content=\"About - Studijo83\" \/>\n<meta property=\"og:description\" content=\"About Since Our Earliest Days lorem ipsum dolor sit amet, elit. Ut elit tellus, luctus, erat sed fermentum feugiat. A Few Words About Us We have become one of the best advertising etiam sed pharetra. We think different&#8230; Proin gravida nibh vel velit auctor aliquet. Aenean sollicitudin, lorem quis bibendum auctor, nisi elit consequat ipsum, [&hellip;]\" \/>\n<meta property=\"og:url\" content=\"https:\/\/www.studijo83.com\/cs\/about\/\" \/>\n<meta property=\"og:site_name\" content=\"Studijo83\" \/>\n<meta property=\"article:publisher\" content=\"https:\/\/www.facebook.com\/studijo83\/\" \/>\n<meta name=\"twitter:card\" content=\"summary_large_image\" \/>\n<meta name=\"twitter:label1\" content=\"Odhadovan\u00e1 doba \u010dten\u00ed\" \/>\n\t<meta name=\"twitter:data1\" content=\"3 minuty\" \/>\n<script type=\"application\/ld+json\" class=\"yoast-schema-graph\">{\"@context\":\"https:\/\/schema.org\",\"@graph\":[{\"@type\":\"WebPage\",\"@id\":\"https:\/\/www.studijo83.com\/about\/\",\"url\":\"https:\/\/www.studijo83.com\/about\/\",\"name\":\"About - Studijo83\",\"isPartOf\":{\"@id\":\"https:\/\/www.studijo83.com\/#website\"},\"datePublished\":\"2025-07-28T13:46:39+00:00\",\"breadcrumb\":{\"@id\":\"https:\/\/www.studijo83.com\/about\/#breadcrumb\"},\"inLanguage\":\"cs\",\"potentialAction\":[{\"@type\":\"ReadAction\",\"target\":[\"https:\/\/www.studijo83.com\/about\/\"]}]},{\"@type\":\"BreadcrumbList\",\"@id\":\"https:\/\/www.studijo83.com\/about\/#breadcrumb\",\"itemListElement\":[{\"@type\":\"ListItem\",\"position\":1,\"name\":\"Home\",\"item\":\"https:\/\/www.studijo83.com\/\"},{\"@type\":\"ListItem\",\"position\":2,\"name\":\"About\"}]},{\"@type\":\"WebSite\",\"@id\":\"https:\/\/www.studijo83.com\/#website\",\"url\":\"https:\/\/www.studijo83.com\/\",\"name\":\"Studijo83\",\"description\":\"Full-Service Digital Marketing That Delivers Results\",\"publisher\":{\"@id\":\"https:\/\/www.studijo83.com\/#organization\"},\"potentialAction\":[{\"@type\":\"SearchAction\",\"target\":{\"@type\":\"EntryPoint\",\"urlTemplate\":\"https:\/\/www.studijo83.com\/?s={search_term_string}\"},\"query-input\":{\"@type\":\"PropertyValueSpecification\",\"valueRequired\":true,\"valueName\":\"search_term_string\"}}],\"inLanguage\":\"cs\"},{\"@type\":\"Organization\",\"@id\":\"https:\/\/www.studijo83.com\/#organization\",\"name\":\"Studijo 83\",\"url\":\"https:\/\/www.studijo83.com\/\",\"logo\":{\"@type\":\"ImageObject\",\"inLanguage\":\"cs\",\"@id\":\"https:\/\/www.studijo83.com\/#\/schema\/logo\/image\/\",\"url\":\"https:\/\/www.studijo83.com\/wp-content\/uploads\/2020\/10\/Studijo-83-Logo-rectangle-2.jpg\",\"contentUrl\":\"https:\/\/www.studijo83.com\/wp-content\/uploads\/2020\/10\/Studijo-83-Logo-rectangle-2.jpg\",\"width\":1000,\"height\":175,\"caption\":\"Studijo 83\"},\"image\":{\"@id\":\"https:\/\/www.studijo83.com\/#\/schema\/logo\/image\/\"},\"sameAs\":[\"https:\/\/www.facebook.com\/studijo83\/\"]}]}<\/script>\n<!-- \/ Yoast SEO plugin. -->","yoast_head_json":{"title":"About - Studijo83","robots":{"index":"index","follow":"follow","max-snippet":"max-snippet:-1","max-image-preview":"max-image-preview:large","max-video-preview":"max-video-preview:-1"},"canonical":"https:\/\/www.studijo83.com\/cs\/about\/","og_locale":"cs_CZ","og_type":"article","og_title":"About - Studijo83","og_description":"About Since Our Earliest Days lorem ipsum dolor sit amet, elit. Ut elit tellus, luctus, erat sed fermentum feugiat. A Few Words About Us We have become one of the best advertising etiam sed pharetra. We think different&#8230; Proin gravida nibh vel velit auctor aliquet. Aenean sollicitudin, lorem quis bibendum auctor, nisi elit consequat ipsum, [&hellip;]","og_url":"https:\/\/www.studijo83.com\/cs\/about\/","og_site_name":"Studijo83","article_publisher":"https:\/\/www.facebook.com\/studijo83\/","twitter_card":"summary_large_image","twitter_misc":{"Odhadovan\u00e1 doba \u010dten\u00ed":"3 minuty"},"schema":{"@context":"https:\/\/schema.org","@graph":[{"@type":"WebPage","@id":"https:\/\/www.studijo83.com\/about\/","url":"https:\/\/www.studijo83.com\/about\/","name":"About - Studijo83","isPartOf":{"@id":"https:\/\/www.studijo83.com\/#website"},"datePublished":"2025-07-28T13:46:39+00:00","breadcrumb":{"@id":"https:\/\/www.studijo83.com\/about\/#breadcrumb"},"inLanguage":"cs","potentialAction":[{"@type":"ReadAction","target":["https:\/\/www.studijo83.com\/about\/"]}]},{"@type":"BreadcrumbList","@id":"https:\/\/www.studijo83.com\/about\/#breadcrumb","itemListElement":[{"@type":"ListItem","position":1,"name":"Home","item":"https:\/\/www.studijo83.com\/"},{"@type":"ListItem","position":2,"name":"About"}]},{"@type":"WebSite","@id":"https:\/\/www.studijo83.com\/#website","url":"https:\/\/www.studijo83.com\/","name":"Studijo83","description":"Full-Service Digital Marketing That Delivers Results","publisher":{"@id":"https:\/\/www.studijo83.com\/#organization"},"potentialAction":[{"@type":"SearchAction","target":{"@type":"EntryPoint","urlTemplate":"https:\/\/www.studijo83.com\/?s={search_term_string}"},"query-input":{"@type":"PropertyValueSpecification","valueRequired":true,"valueName":"search_term_string"}}],"inLanguage":"cs"},{"@type":"Organization","@id":"https:\/\/www.studijo83.com\/#organization","name":"Studijo 83","url":"https:\/\/www.studijo83.com\/","logo":{"@type":"ImageObject","inLanguage":"cs","@id":"https:\/\/www.studijo83.com\/#\/schema\/logo\/image\/","url":"https:\/\/www.studijo83.com\/wp-content\/uploads\/2020\/10\/Studijo-83-Logo-rectangle-2.jpg","contentUrl":"https:\/\/www.studijo83.com\/wp-content\/uploads\/2020\/10\/Studijo-83-Logo-rectangle-2.jpg","width":1000,"height":175,"caption":"Studijo 83"},"image":{"@id":"https:\/\/www.studijo83.com\/#\/schema\/logo\/image\/"},"sameAs":["https:\/\/www.facebook.com\/studijo83\/"]}]}},"_links":{"self":[{"href":"https:\/\/www.studijo83.com\/cs\/wp-json\/wp\/v2\/pages\/53","targetHints":{"allow":["GET"]}}],"collection":[{"href":"https:\/\/www.studijo83.com\/cs\/wp-json\/wp\/v2\/pages"}],"about":[{"href":"https:\/\/www.studijo83.com\/cs\/wp-json\/wp\/v2\/types\/page"}],"author":[{"embeddable":true,"href":"https:\/\/www.studijo83.com\/cs\/wp-json\/wp\/v2\/users\/1"}],"replies":[{"embeddable":true,"href":"https:\/\/www.studijo83.com\/cs\/wp-json\/wp\/v2\/comments?post=53"}],"version-history":[{"count":0,"href":"https:\/\/www.studijo83.com\/cs\/wp-json\/wp\/v2\/pages\/53\/revisions"}],"wp:attachment":[{"href":"https:\/\/www.studijo83.com\/cs\/wp-json\/wp\/v2\/media?parent=53"}],"curies":[{"name":"wp","href":"https:\/\/api.w.org\/{rel}","templated":true}]}}